{"id":25273,"date":"2026-04-16T12:27:45","date_gmt":"2026-04-16T10:27:45","guid":{"rendered":"https:\/\/www.egoitaliano.com\/homepage2026\/"},"modified":"2026-04-29T10:48:25","modified_gmt":"2026-04-29T08:48:25","slug":"homepage2026","status":"publish","type":"page","link":"https:\/\/www.egoitaliano.com\/fr\/","title":{"rendered":""},"content":{"rendered":"<h2 style=\"text-align: center; color: #fff; font-size: 50px; font-weight: 600;\">Paint the world with your EGO<\/h2>\n<div style=\"color: #fff;\">Nous colorons le monde avec des canap\u00e9s, des fauteuils et des meubles color\u00e9s, innovants et dynamiques. Nous puisons notre inspiration dans l&#8217;univers de la mode et de la culture pop pour que nos collections refl\u00e8tent la personnalit\u00e9 et la cr\u00e9ativit\u00e9 de ceux qui les utilisent.<\/div>\n","protected":false},"excerpt":{"rendered":"<p>Paint the world with your EGO Nous colorons le monde avec des canap\u00e9s, des fauteuils et des meubles color\u00e9s, innovants et dynamiques. Nous puisons notre inspiration dans l&#8217;univers de la mode et de la culture pop pour que nos collections refl\u00e8tent la personnalit\u00e9 et la cr\u00e9ativit\u00e9 de ceux qui les utilisent.<\/p>\n","protected":false},"author":2,"featured_media":0,"parent":0,"menu_order":3,"comment_status":"closed","ping_status":"closed","template":"home_page_2026.php","meta":[],"acf":[],"yoast_head":"<!-- This site is optimized with the Yoast SEO plugin v19.13 - https:\/\/yoast.com\/wordpress\/plugins\/seo\/ -->\n<title>- Egoitaliano<\/title>\n<meta name=\"robots\" content=\"index, follow, max-snippet:-1, max-image-preview:large, max-video-preview:-1\" \/>\n<link rel=\"canonical\" href=\"https:\/\/www.egoitaliano.com\/fr\/\" \/>\n<meta property=\"og:locale\" content=\"fr_FR\" \/>\n<meta property=\"og:type\" content=\"article\" \/>\n<meta property=\"og:title\" content=\"- Egoitaliano\" \/>\n<meta property=\"og:description\" content=\"Paint the world with your EGO Nous colorons le monde avec des canap\u00e9s, des fauteuils et des meubles color\u00e9s, innovants et dynamiques. Nous puisons notre inspiration dans l&#8217;univers de la mode et de la culture pop pour que nos collections refl\u00e8tent la personnalit\u00e9 et la cr\u00e9ativit\u00e9 de ceux qui les utilisent.\" \/>\n<meta property=\"og:url\" content=\"https:\/\/www.egoitaliano.com\/fr\/\" \/>\n<meta property=\"og:site_name\" content=\"Egoitaliano\" \/>\n<meta property=\"article:publisher\" content=\"https:\/\/www.facebook.com\/egoitaliano\/\" \/>\n<meta property=\"article:modified_time\" content=\"2026-04-29T08:48:25+00:00\" \/>\n<meta name=\"twitter:card\" content=\"summary_large_image\" \/>\n<meta name=\"twitter:label1\" content=\"Dur\u00e9e de lecture estim\u00e9e\" \/>\n\t<meta name=\"twitter:data1\" content=\"1 minute\" \/>\n<script type=\"application\/ld+json\" class=\"yoast-schema-graph\">{\"@context\":\"https:\/\/schema.org\",\"@graph\":[{\"@type\":\"WebPage\",\"@id\":\"https:\/\/www.egoitaliano.com\/fr\/\",\"url\":\"https:\/\/www.egoitaliano.com\/fr\/\",\"name\":\"- Egoitaliano\",\"isPartOf\":{\"@id\":\"https:\/\/www.egoitaliano.com\/fr\/#website\"},\"datePublished\":\"2026-04-16T10:27:45+00:00\",\"dateModified\":\"2026-04-29T08:48:25+00:00\",\"inLanguage\":\"fr-FR\",\"potentialAction\":[{\"@type\":\"ReadAction\",\"target\":[\"https:\/\/www.egoitaliano.com\/fr\/\"]}]},{\"@type\":\"WebSite\",\"@id\":\"https:\/\/www.egoitaliano.com\/fr\/#website\",\"url\":\"https:\/\/www.egoitaliano.com\/fr\/\",\"name\":\"Egoitaliano\",\"description\":\"Living Your way\",\"publisher\":{\"@id\":\"https:\/\/www.egoitaliano.com\/fr\/#organization\"},\"potentialAction\":[{\"@type\":\"SearchAction\",\"target\":{\"@type\":\"EntryPoint\",\"urlTemplate\":\"https:\/\/www.egoitaliano.com\/fr\/?s={search_term_string}\"},\"query-input\":\"required name=search_term_string\"}],\"inLanguage\":\"fr-FR\"},{\"@type\":\"Organization\",\"@id\":\"https:\/\/www.egoitaliano.com\/fr\/#organization\",\"name\":\"Egoitaliano\",\"url\":\"https:\/\/www.egoitaliano.com\/fr\/\",\"logo\":{\"@type\":\"ImageObject\",\"inLanguage\":\"fr-FR\",\"@id\":\"https:\/\/www.egoitaliano.com\/fr\/#\/schema\/logo\/image\/\",\"url\":\"https:\/\/www.egoitaliano.com\/wp-content\/uploads\/2019\/03\/logo-ego.png\",\"contentUrl\":\"https:\/\/www.egoitaliano.com\/wp-content\/uploads\/2019\/03\/logo-ego.png\",\"width\":679,\"height\":144,\"caption\":\"Egoitaliano\"},\"image\":{\"@id\":\"https:\/\/www.egoitaliano.com\/fr\/#\/schema\/logo\/image\/\"},\"sameAs\":[\"https:\/\/www.instagram.com\/egoitaliano\/\",\"https:\/\/www.youtube.com\/channel\/UC0NGDEqBbj-YEOmooaymgNg\",\"https:\/\/www.facebook.com\/egoitaliano\/\"]}]}<\/script>\n<!-- \/ Yoast SEO plugin. -->","yoast_head_json":{"title":"- Egoitaliano","robots":{"index":"index","follow":"follow","max-snippet":"max-snippet:-1","max-image-preview":"max-image-preview:large","max-video-preview":"max-video-preview:-1"},"canonical":"https:\/\/www.egoitaliano.com\/fr\/","og_locale":"fr_FR","og_type":"article","og_title":"- Egoitaliano","og_description":"Paint the world with your EGO Nous colorons le monde avec des canap\u00e9s, des fauteuils et des meubles color\u00e9s, innovants et dynamiques. Nous puisons notre inspiration dans l&#8217;univers de la mode et de la culture pop pour que nos collections refl\u00e8tent la personnalit\u00e9 et la cr\u00e9ativit\u00e9 de ceux qui les utilisent.","og_url":"https:\/\/www.egoitaliano.com\/fr\/","og_site_name":"Egoitaliano","article_publisher":"https:\/\/www.facebook.com\/egoitaliano\/","article_modified_time":"2026-04-29T08:48:25+00:00","twitter_card":"summary_large_image","twitter_misc":{"Dur\u00e9e de lecture estim\u00e9e":"1 minute"},"schema":{"@context":"https:\/\/schema.org","@graph":[{"@type":"WebPage","@id":"https:\/\/www.egoitaliano.com\/fr\/","url":"https:\/\/www.egoitaliano.com\/fr\/","name":"- Egoitaliano","isPartOf":{"@id":"https:\/\/www.egoitaliano.com\/fr\/#website"},"datePublished":"2026-04-16T10:27:45+00:00","dateModified":"2026-04-29T08:48:25+00:00","inLanguage":"fr-FR","potentialAction":[{"@type":"ReadAction","target":["https:\/\/www.egoitaliano.com\/fr\/"]}]},{"@type":"WebSite","@id":"https:\/\/www.egoitaliano.com\/fr\/#website","url":"https:\/\/www.egoitaliano.com\/fr\/","name":"Egoitaliano","description":"Living Your way","publisher":{"@id":"https:\/\/www.egoitaliano.com\/fr\/#organization"},"potentialAction":[{"@type":"SearchAction","target":{"@type":"EntryPoint","urlTemplate":"https:\/\/www.egoitaliano.com\/fr\/?s={search_term_string}"},"query-input":"required name=search_term_string"}],"inLanguage":"fr-FR"},{"@type":"Organization","@id":"https:\/\/www.egoitaliano.com\/fr\/#organization","name":"Egoitaliano","url":"https:\/\/www.egoitaliano.com\/fr\/","logo":{"@type":"ImageObject","inLanguage":"fr-FR","@id":"https:\/\/www.egoitaliano.com\/fr\/#\/schema\/logo\/image\/","url":"https:\/\/www.egoitaliano.com\/wp-content\/uploads\/2019\/03\/logo-ego.png","contentUrl":"https:\/\/www.egoitaliano.com\/wp-content\/uploads\/2019\/03\/logo-ego.png","width":679,"height":144,"caption":"Egoitaliano"},"image":{"@id":"https:\/\/www.egoitaliano.com\/fr\/#\/schema\/logo\/image\/"},"sameAs":["https:\/\/www.instagram.com\/egoitaliano\/","https:\/\/www.youtube.com\/channel\/UC0NGDEqBbj-YEOmooaymgNg","https:\/\/www.facebook.com\/egoitaliano\/"]}]}},"_links":{"self":[{"href":"https:\/\/www.egoitaliano.com\/fr\/wp-json\/wp\/v2\/pages\/25273"}],"collection":[{"href":"https:\/\/www.egoitaliano.com\/fr\/wp-json\/wp\/v2\/pages"}],"about":[{"href":"https:\/\/www.egoitaliano.com\/fr\/wp-json\/wp\/v2\/types\/page"}],"author":[{"embeddable":true,"href":"https:\/\/www.egoitaliano.com\/fr\/wp-json\/wp\/v2\/users\/2"}],"replies":[{"embeddable":true,"href":"https:\/\/www.egoitaliano.com\/fr\/wp-json\/wp\/v2\/comments?post=25273"}],"version-history":[{"count":2,"href":"https:\/\/www.egoitaliano.com\/fr\/wp-json\/wp\/v2\/pages\/25273\/revisions"}],"predecessor-version":[{"id":25279,"href":"https:\/\/www.egoitaliano.com\/fr\/wp-json\/wp\/v2\/pages\/25273\/revisions\/25279"}],"wp:attachment":[{"href":"https:\/\/www.egoitaliano.com\/fr\/wp-json\/wp\/v2\/media?parent=25273"}],"curies":[{"name":"wp","href":"https:\/\/api.w.org\/{rel}","templated":true}]}}