{"id":23894,"date":"2025-04-08T12:24:09","date_gmt":"2025-04-08T10:24:09","guid":{"rendered":"https:\/\/www.egoitaliano.com\/?page_id=23894"},"modified":"2025-04-08T12:37:53","modified_gmt":"2025-04-08T10:37:53","slug":"personnalisation","status":"publish","type":"page","link":"https:\/\/www.egoitaliano.com\/fr\/personnalisation\/","title":{"rendered":"Personnalisation"},"content":{"rendered":"<div class=\"row\">\n<div class=\"col-6 padl\">\n<h2>Colorez votre confort<\/h2>\n<p class=\"txt-pers\">\u201cSeulement\u201d 650 couleurs entre cuirs, tissus et microfibres pour cr\u00e9er un canap\u00e9 qui exprime toute votre personnalit\u00e9. Des tons neutres aux nuances plus audacieuses, nous sommes s\u00fbrs que vous trouverez la teinte parfaite pour votre style et votre espace.\n<\/p>\n<\/div>\n<div class=\"col-6 padzero\"><img src=\"https:\/\/www.egoitaliano.com\/wp-content\/uploads\/2025\/04\/foto1.jpg\" \/><\/div>\n<\/div>\n<div class=\"py-4\"><\/div>\n<div class=\"row\">\n<div class=\"col-6 padzero\"><video style=\"width:99%\" onloadeddata=\"this.play();\" preload=\"yes\" muted autoplay loop playsinline><source src=\"https:\/\/www.egoitaliano.com\/wp-content\/themes\/egoitaliano_ego55\/asset\/vpersonalizzadettagli.mp4\" type=\"video\/mp4\" \/><\/video><\/div>\n<div class=\"col-6 padl\">\n<h2>Personnalisation dans les moindres d\u00e9tails<\/h2>\n<p class=\"txt-pers\">Rendez votre canap\u00e9 unique avec des passepoils contrast\u00e9s, des pieds personnalis\u00e9s, des coutures d\u00e9coratives et des boutons. Chaque d\u00e9tail refl\u00e8te votre style : exprimez votre cr\u00e9ativit\u00e9 et cr\u00e9ez un canap\u00e9 qui parle de vous !\n<\/p>\n<\/div>\n<\/div>\n<div class=\"py-4\"><\/div>\n<div class=\"row\">\n<div class=\"col-6 padl\">\n<h2>Cr\u00e9ez un canap\u00e9 sur mesure pour vous<\/h2>\n<p class=\"txt-pers\">Conception Made in Italy r\u00e9alis\u00e9e sur mesure gr\u00e2ce aux nombreux modules disponibles pour chaque mod\u00e8le. Choisissez la taille, la composition et la fonctionnalit\u00e9 et adaptez votre canap\u00e9 \u00e0 n&#8217;importe quel environnement, des salons compacts aux espaces plus grands.\n<\/p>\n<\/div>\n<div class=\"col-6 padzero\"><video style=\"width:99%\" onloadeddata=\"this.play();\" preload=\"yes\" muted autoplay loop playsinline><source src=\"https:\/\/www.egoitaliano.com\/wp-content\/themes\/egoitaliano_ego55\/asset\/Personalizzazione-Configuratore.mp4\" type=\"video\/mp4\" \/><\/video><\/div>\n<\/div>\n","protected":false},"excerpt":{"rendered":"<p>Colorez votre confort \u201cSeulement\u201d 650 couleurs entre cuirs, tissus et microfibres pour cr\u00e9er un canap\u00e9 qui exprime toute votre personnalit\u00e9. Des tons neutres aux nuances plus audacieuses, nous sommes s\u00fbrs que vous trouverez la teinte parfaite pour votre style et votre espace. Personnalisation dans les moindres d\u00e9tails Rendez votre canap\u00e9 unique avec des passepoils contrast\u00e9s, [&hellip;]<\/p>\n","protected":false},"author":2,"featured_media":0,"parent":0,"menu_order":7,"comment_status":"closed","ping_status":"closed","template":"personalizzazione.php","meta":[],"acf":[],"yoast_head":"<!-- This site is optimized with the Yoast SEO plugin v19.13 - https:\/\/yoast.com\/wordpress\/plugins\/seo\/ -->\n<title>Personnalisation - Egoitaliano<\/title>\n<meta name=\"robots\" content=\"index, follow, max-snippet:-1, max-image-preview:large, max-video-preview:-1\" \/>\n<link rel=\"canonical\" href=\"https:\/\/www.egoitaliano.com\/fr\/personnalisation\/\" \/>\n<meta property=\"og:locale\" content=\"fr_FR\" \/>\n<meta property=\"og:type\" content=\"article\" \/>\n<meta property=\"og:title\" content=\"Personnalisation - Egoitaliano\" \/>\n<meta property=\"og:description\" content=\"Colorez votre confort \u201cSeulement\u201d 650 couleurs entre cuirs, tissus et microfibres pour cr\u00e9er un canap\u00e9 qui exprime toute votre personnalit\u00e9. Des tons neutres aux nuances plus audacieuses, nous sommes s\u00fbrs que vous trouverez la teinte parfaite pour votre style et votre espace. Personnalisation dans les moindres d\u00e9tails Rendez votre canap\u00e9 unique avec des passepoils contrast\u00e9s, [&hellip;]\" \/>\n<meta property=\"og:url\" content=\"https:\/\/www.egoitaliano.com\/fr\/personnalisation\/\" \/>\n<meta property=\"og:site_name\" content=\"Egoitaliano\" \/>\n<meta property=\"article:publisher\" content=\"https:\/\/www.facebook.com\/egoitaliano\/\" \/>\n<meta property=\"article:modified_time\" content=\"2025-04-08T10:37:53+00:00\" \/>\n<meta property=\"og:image\" content=\"https:\/\/www.egoitaliano.com\/wp-content\/uploads\/2025\/04\/foto1.jpg\" \/>\n<meta name=\"twitter:card\" content=\"summary_large_image\" \/>\n<meta name=\"twitter:label1\" content=\"Dur\u00e9e de lecture estim\u00e9e\" \/>\n\t<meta name=\"twitter:data1\" content=\"1 minute\" \/>\n<script type=\"application\/ld+json\" class=\"yoast-schema-graph\">{\"@context\":\"https:\/\/schema.org\",\"@graph\":[{\"@type\":\"WebPage\",\"@id\":\"https:\/\/www.egoitaliano.com\/fr\/personnalisation\/\",\"url\":\"https:\/\/www.egoitaliano.com\/fr\/personnalisation\/\",\"name\":\"Personnalisation - Egoitaliano\",\"isPartOf\":{\"@id\":\"https:\/\/www.egoitaliano.com\/fr\/#website\"},\"datePublished\":\"2025-04-08T10:24:09+00:00\",\"dateModified\":\"2025-04-08T10:37:53+00:00\",\"breadcrumb\":{\"@id\":\"https:\/\/www.egoitaliano.com\/fr\/personnalisation\/#breadcrumb\"},\"inLanguage\":\"fr-FR\",\"potentialAction\":[{\"@type\":\"ReadAction\",\"target\":[\"https:\/\/www.egoitaliano.com\/fr\/personnalisation\/\"]}]},{\"@type\":\"BreadcrumbList\",\"@id\":\"https:\/\/www.egoitaliano.com\/fr\/personnalisation\/#breadcrumb\",\"itemListElement\":[{\"@type\":\"ListItem\",\"position\":1,\"name\":\"Home\",\"item\":\"https:\/\/www.egoitaliano.com\/fr\/\"},{\"@type\":\"ListItem\",\"position\":2,\"name\":\"Personnalisation\"}]},{\"@type\":\"WebSite\",\"@id\":\"https:\/\/www.egoitaliano.com\/fr\/#website\",\"url\":\"https:\/\/www.egoitaliano.com\/fr\/\",\"name\":\"Egoitaliano\",\"description\":\"Living Your way\",\"publisher\":{\"@id\":\"https:\/\/www.egoitaliano.com\/fr\/#organization\"},\"potentialAction\":[{\"@type\":\"SearchAction\",\"target\":{\"@type\":\"EntryPoint\",\"urlTemplate\":\"https:\/\/www.egoitaliano.com\/fr\/?s={search_term_string}\"},\"query-input\":\"required name=search_term_string\"}],\"inLanguage\":\"fr-FR\"},{\"@type\":\"Organization\",\"@id\":\"https:\/\/www.egoitaliano.com\/fr\/#organization\",\"name\":\"Egoitaliano\",\"url\":\"https:\/\/www.egoitaliano.com\/fr\/\",\"logo\":{\"@type\":\"ImageObject\",\"inLanguage\":\"fr-FR\",\"@id\":\"https:\/\/www.egoitaliano.com\/fr\/#\/schema\/logo\/image\/\",\"url\":\"https:\/\/www.egoitaliano.com\/wp-content\/uploads\/2019\/03\/logo-ego.png\",\"contentUrl\":\"https:\/\/www.egoitaliano.com\/wp-content\/uploads\/2019\/03\/logo-ego.png\",\"width\":679,\"height\":144,\"caption\":\"Egoitaliano\"},\"image\":{\"@id\":\"https:\/\/www.egoitaliano.com\/fr\/#\/schema\/logo\/image\/\"},\"sameAs\":[\"https:\/\/www.instagram.com\/egoitaliano\/\",\"https:\/\/www.youtube.com\/channel\/UC0NGDEqBbj-YEOmooaymgNg\",\"https:\/\/www.facebook.com\/egoitaliano\/\"]}]}<\/script>\n<!-- \/ Yoast SEO plugin. -->","yoast_head_json":{"title":"Personnalisation - Egoitaliano","robots":{"index":"index","follow":"follow","max-snippet":"max-snippet:-1","max-image-preview":"max-image-preview:large","max-video-preview":"max-video-preview:-1"},"canonical":"https:\/\/www.egoitaliano.com\/fr\/personnalisation\/","og_locale":"fr_FR","og_type":"article","og_title":"Personnalisation - Egoitaliano","og_description":"Colorez votre confort \u201cSeulement\u201d 650 couleurs entre cuirs, tissus et microfibres pour cr\u00e9er un canap\u00e9 qui exprime toute votre personnalit\u00e9. Des tons neutres aux nuances plus audacieuses, nous sommes s\u00fbrs que vous trouverez la teinte parfaite pour votre style et votre espace. Personnalisation dans les moindres d\u00e9tails Rendez votre canap\u00e9 unique avec des passepoils contrast\u00e9s, [&hellip;]","og_url":"https:\/\/www.egoitaliano.com\/fr\/personnalisation\/","og_site_name":"Egoitaliano","article_publisher":"https:\/\/www.facebook.com\/egoitaliano\/","article_modified_time":"2025-04-08T10:37:53+00:00","og_image":[{"url":"https:\/\/www.egoitaliano.com\/wp-content\/uploads\/2025\/04\/foto1.jpg"}],"twitter_card":"summary_large_image","twitter_misc":{"Dur\u00e9e de lecture estim\u00e9e":"1 minute"},"schema":{"@context":"https:\/\/schema.org","@graph":[{"@type":"WebPage","@id":"https:\/\/www.egoitaliano.com\/fr\/personnalisation\/","url":"https:\/\/www.egoitaliano.com\/fr\/personnalisation\/","name":"Personnalisation - Egoitaliano","isPartOf":{"@id":"https:\/\/www.egoitaliano.com\/fr\/#website"},"datePublished":"2025-04-08T10:24:09+00:00","dateModified":"2025-04-08T10:37:53+00:00","breadcrumb":{"@id":"https:\/\/www.egoitaliano.com\/fr\/personnalisation\/#breadcrumb"},"inLanguage":"fr-FR","potentialAction":[{"@type":"ReadAction","target":["https:\/\/www.egoitaliano.com\/fr\/personnalisation\/"]}]},{"@type":"BreadcrumbList","@id":"https:\/\/www.egoitaliano.com\/fr\/personnalisation\/#breadcrumb","itemListElement":[{"@type":"ListItem","position":1,"name":"Home","item":"https:\/\/www.egoitaliano.com\/fr\/"},{"@type":"ListItem","position":2,"name":"Personnalisation"}]},{"@type":"WebSite","@id":"https:\/\/www.egoitaliano.com\/fr\/#website","url":"https:\/\/www.egoitaliano.com\/fr\/","name":"Egoitaliano","description":"Living Your way","publisher":{"@id":"https:\/\/www.egoitaliano.com\/fr\/#organization"},"potentialAction":[{"@type":"SearchAction","target":{"@type":"EntryPoint","urlTemplate":"https:\/\/www.egoitaliano.com\/fr\/?s={search_term_string}"},"query-input":"required name=search_term_string"}],"inLanguage":"fr-FR"},{"@type":"Organization","@id":"https:\/\/www.egoitaliano.com\/fr\/#organization","name":"Egoitaliano","url":"https:\/\/www.egoitaliano.com\/fr\/","logo":{"@type":"ImageObject","inLanguage":"fr-FR","@id":"https:\/\/www.egoitaliano.com\/fr\/#\/schema\/logo\/image\/","url":"https:\/\/www.egoitaliano.com\/wp-content\/uploads\/2019\/03\/logo-ego.png","contentUrl":"https:\/\/www.egoitaliano.com\/wp-content\/uploads\/2019\/03\/logo-ego.png","width":679,"height":144,"caption":"Egoitaliano"},"image":{"@id":"https:\/\/www.egoitaliano.com\/fr\/#\/schema\/logo\/image\/"},"sameAs":["https:\/\/www.instagram.com\/egoitaliano\/","https:\/\/www.youtube.com\/channel\/UC0NGDEqBbj-YEOmooaymgNg","https:\/\/www.facebook.com\/egoitaliano\/"]}]}},"_links":{"self":[{"href":"https:\/\/www.egoitaliano.com\/fr\/wp-json\/wp\/v2\/pages\/23894"}],"collection":[{"href":"https:\/\/www.egoitaliano.com\/fr\/wp-json\/wp\/v2\/pages"}],"about":[{"href":"https:\/\/www.egoitaliano.com\/fr\/wp-json\/wp\/v2\/types\/page"}],"author":[{"embeddable":true,"href":"https:\/\/www.egoitaliano.com\/fr\/wp-json\/wp\/v2\/users\/2"}],"replies":[{"embeddable":true,"href":"https:\/\/www.egoitaliano.com\/fr\/wp-json\/wp\/v2\/comments?post=23894"}],"version-history":[{"count":1,"href":"https:\/\/www.egoitaliano.com\/fr\/wp-json\/wp\/v2\/pages\/23894\/revisions"}],"predecessor-version":[{"id":23899,"href":"https:\/\/www.egoitaliano.com\/fr\/wp-json\/wp\/v2\/pages\/23894\/revisions\/23899"}],"wp:attachment":[{"href":"https:\/\/www.egoitaliano.com\/fr\/wp-json\/wp\/v2\/media?parent=23894"}],"curies":[{"name":"wp","href":"https:\/\/api.w.org\/{rel}","templated":true}]}}